{"id":6551,"date":"2020-04-02T09:11:45","date_gmt":"2020-04-02T07:11:45","guid":{"rendered":"https:\/\/daes.pro\/404-2\/"},"modified":"2023-11-15T17:22:51","modified_gmt":"2023-11-15T16:22:51","slug":"404-2","status":"publish","type":"page","link":"https:\/\/daes.pro\/de\/404-2\/","title":{"rendered":"404"},"content":{"rendered":"\t\t<div data-elementor-type=\"wp-page\" data-elementor-id=\"6551\" class=\"elementor elementor-6551 elementor-15\" data-elementor-post-type=\"page\">\n\t\t\t\t\t\t<section class=\"elementor-section elementor-top-section elementor-element elementor-element-37bf71d elementor-section-boxed elementor-section-height-default elementor-section-height-default\" data-id=\"37bf71d\" data-element_type=\"section\" data-settings=\"{&quot;jet_parallax_layout_list&quot;:[{&quot;jet_parallax_layout_image&quot;:{&quot;url&quot;:&quot;&quot;,&quot;id&quot;:&quot;&quot;,&quot;size&quot;:&quot;&quot;},&quot;_id&quot;:&quot;5b08dd2&quot;,&quot;jet_parallax_layout_image_tablet&quot;:{&quot;url&quot;:&quot;&quot;,&quot;id&quot;:&quot;&quot;,&quot;size&quot;:&quot;&quot;},&quot;jet_parallax_layout_image_mobile&quot;:{&quot;url&quot;:&quot;&quot;,&quot;id&quot;:&quot;&quot;,&quot;size&quot;:&quot;&quot;},&quot;jet_parallax_layout_speed&quot;:{&quot;unit&quot;:&quot;%&quot;,&quot;size&quot;:&quot;50&quot;,&quot;sizes&quot;:[]},&quot;jet_parallax_layout_type&quot;:&quot;scroll&quot;,&quot;jet_parallax_layout_direction&quot;:null,&quot;jet_parallax_layout_fx_direction&quot;:null,&quot;jet_parallax_layout_z_index&quot;:&quot;&quot;,&quot;jet_parallax_layout_bg_x&quot;:&quot;50&quot;,&quot;jet_parallax_layout_bg_y&quot;:&quot;50&quot;,&quot;jet_parallax_layout_bg_size&quot;:&quot;auto&quot;,&quot;jet_parallax_layout_animation_prop&quot;:&quot;transform&quot;,&quot;jet_parallax_layout_on&quot;:[&quot;desktop&quot;,&quot;tablet&quot;],&quot;jet_parallax_layout_bg_x_tablet&quot;:&quot;&quot;,&quot;jet_parallax_layout_bg_x_mobile&quot;:&quot;&quot;,&quot;jet_parallax_layout_bg_y_tablet&quot;:&quot;&quot;,&quot;jet_parallax_layout_bg_y_mobile&quot;:&quot;&quot;,&quot;jet_parallax_layout_bg_size_tablet&quot;:&quot;&quot;,&quot;jet_parallax_layout_bg_size_mobile&quot;:&quot;&quot;}],&quot;background_background&quot;:&quot;classic&quot;}\">\n\t\t\t\t\t\t<div class=\"elementor-container elementor-column-gap-default\">\n\t\t\t\t\t<div class=\"elementor-column elementor-col-100 elementor-top-column elementor-element elementor-element-8a2263c\" data-id=\"8a2263c\" data-element_type=\"column\">\n\t\t\t<div class=\"elementor-widget-wrap elementor-element-populated\">\n\t\t\t\t\t\t<div class=\"elementor-element elementor-element-a5b7eae elementor-widget elementor-widget-raven-image\" data-id=\"a5b7eae\" data-element_type=\"widget\" data-widget_type=\"raven-image.default\">\n\t\t\t\t<div class=\"elementor-widget-container\">\n\t\t\t\t\t<div class=\"raven-image\">\n\t\t\n\t\t\n\t\t<img decoding=\"async\" width=\"286\" height=\"122\" src=\"https:\/\/daes.pro\/wp-content\/uploads\/2020\/04\/404.png\" class=\"attachment-full size-full wp-image-4816\" alt=\"\" \/>\t\t<\/div>\n\t\t\t\t<\/div>\n\t\t\t\t<\/div>\n\t\t\t\t<div class=\"elementor-element elementor-element-950a90b elementor-align-center elementor-widget elementor-widget-raven-heading\" data-id=\"950a90b\" data-element_type=\"widget\" data-widget_type=\"raven-heading.default\">\n\t\t\t\t<div class=\"elementor-widget-container\">\n\t\t\t\t\t<div class=\"raven-widget-wrapper\"><h1 class=\"raven-heading raven-heading-h1\"><span class=\"raven-heading-title \">Opps! Page Not Found<\/span><\/h1><\/div>\n\t\t\t\t<\/div>\n\t\t\t\t<\/div>\n\t\t\t\t<div class=\"elementor-element elementor-element-12b7207 elementor-widget elementor-widget-text-editor\" data-id=\"12b7207\" data-element_type=\"widget\" data-widget_type=\"text-editor.default\">\n\t\t\t\t<div class=\"elementor-widget-container\">\n\t\t\t\t\t\t\t<p>Keine Sorge, wir werden bald zur\u00fcck sein, wir arbeiten daran!<\/p>\n\t\t\t\t\t\t<\/div>\n\t\t\t\t<\/div>\n\t\t\t\t<div class=\"elementor-element elementor-element-b8301e7 elementor-align-center elementor-widget elementor-widget-raven-button\" data-id=\"b8301e7\" data-element_type=\"widget\" data-settings=\"{&quot;turn_to_popup_action_button&quot;:&quot;no&quot;}\" data-widget_type=\"raven-button.default\">\n\t\t\t\t<div class=\"elementor-widget-container\">\n\t\t\t\t\t<div class=\"raven-widget-wrapper\">\n\t\t\t<a class=\"raven-button raven-button-widget-normal-effect-none  raven-button-text-align-center raven-button-link elementor-animation-wobble-skew\" href=\"https:\/\/daes.pro\/de\/\">\t\t\t\t<div class=\"raven-button-overlay\" ><\/div>\n\t\t\t\t<span class=\"raven-button-content\">\n\t\t\t\t\t\n\t\t\t\t\t<div class=\"button-text-container\">\n\t\t\t\t\t\t\t\t\t\t\t\t<div class=\"raven-button-texts-wrapper\">\n\t\t\t\t\t\t\t<div class=\"button-text\">\n\t\t\t\t\t\t\t\t<span class=\"raven-button-text\">\n\t\t\t\t\t\t\t\t\tback to homepage\t\t\t\t\t\t\t\t<\/span>\n\t\t\t\t\t\t\t<\/div>\n\t\t\t\t\t\t\t\t\t\t\t\t\t<\/div>\n\t\t\t\t\t\t\t\t\t\t\t<\/div>\n\t\t\t\t\t\n\t\t\t\t\t\t\t\t\t<\/span>\n\t\t\t<\/a>\t\t<\/div>\n\t\t\t\t<\/div>\n\t\t\t\t<\/div>\n\t\t\t\t\t<\/div>\n\t\t<\/div>\n\t\t\t\t\t<\/div>\n\t\t<\/section>\n\t\t\t\t<\/div>\n\t\t","protected":false},"excerpt":{"rendered":"<p>Opps! Page Not Found Keine Sorge, wir werden bald zur\u00fcck sein, wir arbeiten daran! back to homepage<\/p>\n","protected":false},"author":1,"featured_media":0,"parent":0,"menu_order":0,"comment_status":"closed","ping_status":"closed","template":"elementor_header_footer","meta":{"_acf_changed":false,"footnotes":""},"class_list":["post-6551","page","type-page","status-publish","hentry"],"acf":[],"yoast_head":"<!-- This site is optimized with the Yoast SEO plugin v23.9 - https:\/\/yoast.com\/wordpress\/plugins\/seo\/ -->\n<title>Seite Fehler DAES ing\u00e9nieurs Gen\u00e8ve SA<\/title>\n<meta name=\"description\" content=\"Seite Error 404 in Ingenieure f\u00fcr digitale Simulation SA in Genf, klicken Sie bitte auf einen Eintrag im Men\u00fc, um die gew\u00fcnschte Seite zu finden.\" \/>\n<meta name=\"robots\" content=\"index, nofollow, max-snippet:-1, max-image-preview:large, max-video-preview:-1\" \/>\n<link rel=\"canonical\" href=\"https:\/\/daes.pro\/de\/404-2\/\" \/>\n<meta property=\"og:locale\" content=\"de_DE\" \/>\n<meta property=\"og:type\" content=\"article\" \/>\n<meta property=\"og:title\" content=\"Seite Fehler DAES ing\u00e9nieurs Gen\u00e8ve SA\" \/>\n<meta property=\"og:description\" content=\"Seite Error 404 in Ingenieure f\u00fcr digitale Simulation SA in Genf, klicken Sie bitte auf einen Eintrag im Men\u00fc, um die gew\u00fcnschte Seite zu finden.\" \/>\n<meta property=\"og:url\" content=\"https:\/\/daes.pro\/de\/404-2\/\" \/>\n<meta property=\"og:site_name\" content=\"Development of Advanced Engineering Solutions\" \/>\n<meta property=\"article:modified_time\" content=\"2023-11-15T16:22:51+00:00\" \/>\n<meta property=\"og:image\" content=\"https:\/\/daes.pro\/wp-content\/uploads\/2020\/04\/404.png\" \/>\n<meta name=\"twitter:card\" content=\"summary_large_image\" \/>\n<meta name=\"twitter:site\" content=\"@DAES_GENEVE\" \/>\n<script type=\"application\/ld+json\" class=\"yoast-schema-graph\">{\"@context\":\"https:\/\/schema.org\",\"@graph\":[{\"@type\":\"WebPage\",\"@id\":\"https:\/\/daes.pro\/de\/404-2\/\",\"url\":\"https:\/\/daes.pro\/de\/404-2\/\",\"name\":\"Seite Fehler DAES ing\u00e9nieurs Gen\u00e8ve SA\",\"isPartOf\":{\"@id\":\"https:\/\/daes.pro\/de\/#website\"},\"primaryImageOfPage\":{\"@id\":\"https:\/\/daes.pro\/de\/404-2\/#primaryimage\"},\"image\":{\"@id\":\"https:\/\/daes.pro\/de\/404-2\/#primaryimage\"},\"thumbnailUrl\":\"https:\/\/daes.pro\/wp-content\/uploads\/2020\/04\/404.png\",\"datePublished\":\"2020-04-02T07:11:45+00:00\",\"dateModified\":\"2023-11-15T16:22:51+00:00\",\"description\":\"Seite Error 404 in Ingenieure f\u00fcr digitale Simulation SA in Genf, klicken Sie bitte auf einen Eintrag im Men\u00fc, um die gew\u00fcnschte Seite zu finden.\",\"inLanguage\":\"de\",\"potentialAction\":[{\"@type\":\"ReadAction\",\"target\":[\"https:\/\/daes.pro\/de\/404-2\/\"]}]},{\"@type\":\"ImageObject\",\"inLanguage\":\"de\",\"@id\":\"https:\/\/daes.pro\/de\/404-2\/#primaryimage\",\"url\":\"https:\/\/daes.pro\/wp-content\/uploads\/2020\/04\/404.png\",\"contentUrl\":\"https:\/\/daes.pro\/wp-content\/uploads\/2020\/04\/404.png\"},{\"@type\":\"WebSite\",\"@id\":\"https:\/\/daes.pro\/de\/#website\",\"url\":\"https:\/\/daes.pro\/de\/\",\"name\":\"Development of Advanced Engineering Solutions\",\"description\":\"Des solutions pragmatiques pour vos d\u00e9fis d&#039;ing\u00e9nierie\",\"publisher\":{\"@id\":\"https:\/\/daes.pro\/de\/#organization\"},\"potentialAction\":[{\"@type\":\"SearchAction\",\"target\":{\"@type\":\"EntryPoint\",\"urlTemplate\":\"https:\/\/daes.pro\/de\/?s={search_term_string}\"},\"query-input\":{\"@type\":\"PropertyValueSpecification\",\"valueRequired\":true,\"valueName\":\"search_term_string\"}}],\"inLanguage\":\"de\"},{\"@type\":\"Organization\",\"@id\":\"https:\/\/daes.pro\/de\/#organization\",\"name\":\"DAES SA\",\"alternateName\":\"Development of Advanced Engineering Solutions\",\"url\":\"https:\/\/daes.pro\/de\/\",\"logo\":{\"@type\":\"ImageObject\",\"inLanguage\":\"de\",\"@id\":\"https:\/\/daes.pro\/de\/#\/schema\/logo\/image\/\",\"url\":\"https:\/\/daes.pro\/wp-content\/uploads\/2022\/09\/cropped-Logo-DAES.png\",\"contentUrl\":\"https:\/\/daes.pro\/wp-content\/uploads\/2022\/09\/cropped-Logo-DAES.png\",\"width\":512,\"height\":512,\"caption\":\"DAES SA\"},\"image\":{\"@id\":\"https:\/\/daes.pro\/de\/#\/schema\/logo\/image\/\"},\"sameAs\":[\"https:\/\/x.com\/DAES_GENEVE\",\"https:\/\/www.linkedin.com\/company\/daes-sa\/\",\"https:\/\/www.youtube.com\/channel\/UCbUYhhZYofJBJ8ibSBET8hA?pbjreload=101\"]}]}<\/script>\n<!-- \/ Yoast SEO plugin. -->","yoast_head_json":{"title":"Seite Fehler DAES ing\u00e9nieurs Gen\u00e8ve SA","description":"Seite Error 404 in Ingenieure f\u00fcr digitale Simulation SA in Genf, klicken Sie bitte auf einen Eintrag im Men\u00fc, um die gew\u00fcnschte Seite zu finden.","robots":{"index":"index","follow":"nofollow","max-snippet":"max-snippet:-1","max-image-preview":"max-image-preview:large","max-video-preview":"max-video-preview:-1"},"canonical":"https:\/\/daes.pro\/de\/404-2\/","og_locale":"de_DE","og_type":"article","og_title":"Seite Fehler DAES ing\u00e9nieurs Gen\u00e8ve SA","og_description":"Seite Error 404 in Ingenieure f\u00fcr digitale Simulation SA in Genf, klicken Sie bitte auf einen Eintrag im Men\u00fc, um die gew\u00fcnschte Seite zu finden.","og_url":"https:\/\/daes.pro\/de\/404-2\/","og_site_name":"Development of Advanced Engineering Solutions","article_modified_time":"2023-11-15T16:22:51+00:00","og_image":[{"url":"https:\/\/daes.pro\/wp-content\/uploads\/2020\/04\/404.png"}],"twitter_card":"summary_large_image","twitter_site":"@DAES_GENEVE","schema":{"@context":"https:\/\/schema.org","@graph":[{"@type":"WebPage","@id":"https:\/\/daes.pro\/de\/404-2\/","url":"https:\/\/daes.pro\/de\/404-2\/","name":"Seite Fehler DAES ing\u00e9nieurs Gen\u00e8ve SA","isPartOf":{"@id":"https:\/\/daes.pro\/de\/#website"},"primaryImageOfPage":{"@id":"https:\/\/daes.pro\/de\/404-2\/#primaryimage"},"image":{"@id":"https:\/\/daes.pro\/de\/404-2\/#primaryimage"},"thumbnailUrl":"https:\/\/daes.pro\/wp-content\/uploads\/2020\/04\/404.png","datePublished":"2020-04-02T07:11:45+00:00","dateModified":"2023-11-15T16:22:51+00:00","description":"Seite Error 404 in Ingenieure f\u00fcr digitale Simulation SA in Genf, klicken Sie bitte auf einen Eintrag im Men\u00fc, um die gew\u00fcnschte Seite zu finden.","inLanguage":"de","potentialAction":[{"@type":"ReadAction","target":["https:\/\/daes.pro\/de\/404-2\/"]}]},{"@type":"ImageObject","inLanguage":"de","@id":"https:\/\/daes.pro\/de\/404-2\/#primaryimage","url":"https:\/\/daes.pro\/wp-content\/uploads\/2020\/04\/404.png","contentUrl":"https:\/\/daes.pro\/wp-content\/uploads\/2020\/04\/404.png"},{"@type":"WebSite","@id":"https:\/\/daes.pro\/de\/#website","url":"https:\/\/daes.pro\/de\/","name":"Development of Advanced Engineering Solutions","description":"Des solutions pragmatiques pour vos d\u00e9fis d&#039;ing\u00e9nierie","publisher":{"@id":"https:\/\/daes.pro\/de\/#organization"},"potentialAction":[{"@type":"SearchAction","target":{"@type":"EntryPoint","urlTemplate":"https:\/\/daes.pro\/de\/?s={search_term_string}"},"query-input":{"@type":"PropertyValueSpecification","valueRequired":true,"valueName":"search_term_string"}}],"inLanguage":"de"},{"@type":"Organization","@id":"https:\/\/daes.pro\/de\/#organization","name":"DAES SA","alternateName":"Development of Advanced Engineering Solutions","url":"https:\/\/daes.pro\/de\/","logo":{"@type":"ImageObject","inLanguage":"de","@id":"https:\/\/daes.pro\/de\/#\/schema\/logo\/image\/","url":"https:\/\/daes.pro\/wp-content\/uploads\/2022\/09\/cropped-Logo-DAES.png","contentUrl":"https:\/\/daes.pro\/wp-content\/uploads\/2022\/09\/cropped-Logo-DAES.png","width":512,"height":512,"caption":"DAES SA"},"image":{"@id":"https:\/\/daes.pro\/de\/#\/schema\/logo\/image\/"},"sameAs":["https:\/\/x.com\/DAES_GENEVE","https:\/\/www.linkedin.com\/company\/daes-sa\/","https:\/\/www.youtube.com\/channel\/UCbUYhhZYofJBJ8ibSBET8hA?pbjreload=101"]}]}},"_links":{"self":[{"href":"https:\/\/daes.pro\/de\/wp-json\/wp\/v2\/pages\/6551","targetHints":{"allow":["GET"]}}],"collection":[{"href":"https:\/\/daes.pro\/de\/wp-json\/wp\/v2\/pages"}],"about":[{"href":"https:\/\/daes.pro\/de\/wp-json\/wp\/v2\/types\/page"}],"author":[{"embeddable":true,"href":"https:\/\/daes.pro\/de\/wp-json\/wp\/v2\/users\/1"}],"replies":[{"embeddable":true,"href":"https:\/\/daes.pro\/de\/wp-json\/wp\/v2\/comments?post=6551"}],"version-history":[{"count":1,"href":"https:\/\/daes.pro\/de\/wp-json\/wp\/v2\/pages\/6551\/revisions"}],"predecessor-version":[{"id":6552,"href":"https:\/\/daes.pro\/de\/wp-json\/wp\/v2\/pages\/6551\/revisions\/6552"}],"wp:attachment":[{"href":"https:\/\/daes.pro\/de\/wp-json\/wp\/v2\/media?parent=6551"}],"curies":[{"name":"wp","href":"https:\/\/api.w.org\/{rel}","templated":true}]}}