{"id":6530,"date":"2023-04-01T22:22:00","date_gmt":"2023-04-01T20:22:00","guid":{"rendered":"https:\/\/daes.pro\/berufe\/"},"modified":"2023-11-15T17:22:36","modified_gmt":"2023-11-15T16:22:36","slug":"berufe","status":"publish","type":"page","link":"https:\/\/daes.pro\/de\/berufe\/","title":{"rendered":"Berufe"},"content":{"rendered":"\t\t<div data-elementor-type=\"wp-page\" data-elementor-id=\"6530\" class=\"elementor elementor-6530 elementor-3288\" data-elementor-post-type=\"page\">\n\t\t\t\t\t\t<section class=\"elementor-section elementor-top-section elementor-element elementor-element-4f9b67e elementor-section-height-min-height elementor-section-items-stretch elementor-section-boxed elementor-section-height-default\" data-id=\"4f9b67e\" data-element_type=\"section\" data-settings=\"{&quot;jet_parallax_layout_list&quot;:[{&quot;jet_parallax_layout_image&quot;:{&quot;url&quot;:&quot;&quot;,&quot;id&quot;:&quot;&quot;,&quot;size&quot;:&quot;&quot;},&quot;_id&quot;:&quot;c5f1fd7&quot;,&quot;jet_parallax_layout_speed&quot;:{&quot;unit&quot;:&quot;%&quot;,&quot;size&quot;:&quot;50&quot;,&quot;sizes&quot;:[]},&quot;jet_parallax_layout_bg_x&quot;:&quot;50&quot;,&quot;jet_parallax_layout_bg_y&quot;:&quot;50&quot;,&quot;jet_parallax_layout_image_tablet&quot;:{&quot;url&quot;:&quot;&quot;,&quot;id&quot;:&quot;&quot;,&quot;size&quot;:&quot;&quot;},&quot;jet_parallax_layout_image_mobile&quot;:{&quot;url&quot;:&quot;&quot;,&quot;id&quot;:&quot;&quot;,&quot;size&quot;:&quot;&quot;},&quot;jet_parallax_layout_type&quot;:&quot;scroll&quot;,&quot;jet_parallax_layout_direction&quot;:null,&quot;jet_parallax_layout_fx_direction&quot;:null,&quot;jet_parallax_layout_z_index&quot;:&quot;&quot;,&quot;jet_parallax_layout_bg_x_tablet&quot;:&quot;&quot;,&quot;jet_parallax_layout_bg_x_mobile&quot;:&quot;&quot;,&quot;jet_parallax_layout_bg_y_tablet&quot;:&quot;&quot;,&quot;jet_parallax_layout_bg_y_mobile&quot;:&quot;&quot;,&quot;jet_parallax_layout_bg_size&quot;:&quot;auto&quot;,&quot;jet_parallax_layout_bg_size_tablet&quot;:&quot;&quot;,&quot;jet_parallax_layout_bg_size_mobile&quot;:&quot;&quot;,&quot;jet_parallax_layout_animation_prop&quot;:&quot;transform&quot;,&quot;jet_parallax_layout_on&quot;:[&quot;desktop&quot;,&quot;tablet&quot;]}],&quot;background_background&quot;:&quot;classic&quot;}\">\n\t\t\t\t\t\t\t<div class=\"elementor-background-overlay\"><\/div>\n\t\t\t\t\t\t\t<div class=\"elementor-container elementor-column-gap-default\">\n\t\t\t\t\t<div class=\"elementor-column elementor-col-100 elementor-top-column elementor-element elementor-element-5726892\" data-id=\"5726892\" data-element_type=\"column\">\n\t\t\t<div class=\"elementor-widget-wrap elementor-element-populated\">\n\t\t\t\t\t\t<div class=\"elementor-element elementor-element-480028a elementor-mobile-align-center elementor-align-left elementor-widget elementor-widget-raven-heading\" data-id=\"480028a\" data-element_type=\"widget\" data-widget_type=\"raven-heading.default\">\n\t\t\t\t<div class=\"elementor-widget-container\">\n\t\t\t\t\t<div class=\"raven-widget-wrapper\"><h1 class=\"raven-heading raven-heading-h1\"><span class=\"raven-heading-title \">Unsere Simulationen f\u00fcr Ihre Studienprojekte<\/span><\/h1><\/div>\n\t\t\t\t<\/div>\n\t\t\t\t<\/div>\n\t\t\t\t<div class=\"elementor-element elementor-element-8d39352 elementor-mobile-align-center elementor-align-left elementor-widget elementor-widget-raven-breadcrumbs\" data-id=\"8d39352\" data-element_type=\"widget\" data-widget_type=\"raven-breadcrumbs.default\">\n\t\t\t\t<div class=\"elementor-widget-container\">\n\t\t\t<div class=\"raven-breadcrumbs raven-breadcrumbs-default\"><div class=\"breadcrumb\">\t\t\t\t<div class=\"breadcrumb-item active\" aria-current=\"page\"><span>Home<\/span><\/div>\n\n\t\t\t\t<\/div><\/div>\t\t<\/div>\n\t\t\t\t<\/div>\n\t\t\t\t\t<\/div>\n\t\t<\/div>\n\t\t\t\t\t<\/div>\n\t\t<\/section>\n\t\t\t\t<section class=\"elementor-section elementor-top-section elementor-element elementor-element-c8e52a0 elementor-section-boxed elementor-section-height-default elementor-section-height-default\" data-id=\"c8e52a0\" data-element_type=\"section\" data-settings=\"{&quot;jet_parallax_layout_list&quot;:[]}\">\n\t\t\t\t\t\t<div class=\"elementor-container elementor-column-gap-default\">\n\t\t\t\t\t<div class=\"elementor-column elementor-col-100 elementor-top-column elementor-element elementor-element-9e1e74e\" data-id=\"9e1e74e\" data-element_type=\"column\">\n\t\t\t<div class=\"elementor-widget-wrap elementor-element-populated\">\n\t\t\t\t\t\t<div class=\"elementor-element elementor-element-c061495 elementor-widget elementor-widget-heading\" data-id=\"c061495\" data-element_type=\"widget\" data-widget_type=\"heading.default\">\n\t\t\t\t<div class=\"elementor-widget-container\">\n\t\t\t<h4 class=\"elementor-heading-title elementor-size-default\">Von der numerischen und mechanischen Simulation bis hin zur Begleitung von Forschung und Entwicklung - entscheiden Sie sich f\u00fcr einen ma\u00dfgeschneiderten Ansatz f\u00fcr Ihr Projekt!<\/h4>\t\t<\/div>\n\t\t\t\t<\/div>\n\t\t\t\t<div class=\"elementor-element elementor-element-15a5047 elementor-widget elementor-widget-text-editor\" data-id=\"15a5047\" data-element_type=\"widget\" data-widget_type=\"text-editor.default\">\n\t\t\t\t<div class=\"elementor-widget-container\">\n\t\t\t\t\t\t\t<p>DAES verpflichtet sich, L\u00f6sungen zu liefern, die den Bed\u00fcrfnissen der Kunden entsprechen, und bem\u00fcht sich, ihre spezifischen Probleme durch eine physische und funktionale Analyse zu l\u00f6sen.<\/p>\n<p>Die bevorzugten Methoden m\u00fcssen pragmatisch und schrittweise sein. Die f\u00fcr einen solchen Ansatz notwendige Neugier basiert auf kollektiver Intelligenz, und wir f\u00fcrchten uns nicht vor den Schwierigkeiten, die mit einem solchen Ansatz einhergehen, sondern werden von ihnen sogar angeregt.<\/p>\n<p>Schlie\u00dflich gehen wir bei der Qualit\u00e4t keine Kompromisse ein und geben dem Kunden so eine echte Rendite f\u00fcr seine Investition. Dieses kontinuierliche Streben nach Kompetenz und Exzellenz tr\u00e4gt zum Bekanntheitsgrad und zur Anerkennung von DAES bei.<\/p>\n\t\t\t\t\t\t<\/div>\n\t\t\t\t<\/div>\n\t\t\t\t\t<\/div>\n\t\t<\/div>\n\t\t\t\t\t<\/div>\n\t\t<\/section>\n\t\t\t\t<section class=\"elementor-section elementor-top-section elementor-element elementor-element-1e73727 elementor-section-boxed elementor-section-height-default elementor-section-height-default\" data-id=\"1e73727\" data-element_type=\"section\" data-settings=\"{&quot;jet_parallax_layout_list&quot;:[]}\">\n\t\t\t\t\t\t<div class=\"elementor-container elementor-column-gap-default\">\n\t\t\t\t\t<div class=\"elementor-column elementor-col-100 elementor-top-column elementor-element elementor-element-4dd83ca\" data-id=\"4dd83ca\" data-element_type=\"column\">\n\t\t\t<div class=\"elementor-widget-wrap elementor-element-populated\">\n\t\t\t\t\t\t\t<\/div>\n\t\t<\/div>\n\t\t\t\t\t<\/div>\n\t\t<\/section>\n\t\t\t\t<\/div>\n\t\t","protected":false},"excerpt":{"rendered":"<p>Unsere Simulationen f\u00fcr Ihre Studienprojekte Home Von der numerischen und mechanischen Simulation bis hin zur Begleitung von Forschung und Entwicklung &#8211; entscheiden Sie sich f\u00fcr einen ma\u00dfgeschneiderten Ansatz f\u00fcr Ihr Projekt! DAES verpflichtet sich, L\u00f6sungen zu liefern, die den Bed\u00fcrfnissen der Kunden entsprechen, und bem\u00fcht sich, ihre spezifischen Probleme durch eine physische und funktionale Analyse [&hellip;]<\/p>\n","protected":false},"author":1,"featured_media":0,"parent":0,"menu_order":0,"comment_status":"closed","ping_status":"closed","template":"elementor_header_footer","meta":{"_acf_changed":false,"content-type":"","footnotes":""},"class_list":["post-6530","page","type-page","status-publish","hentry"],"acf":[],"yoast_head":"<!-- This site is optimized with the Yoast SEO plugin v23.9 - https:\/\/yoast.com\/wordpress\/plugins\/seo\/ -->\n<title>Ingenieurberufe | verschiedene numerische Simulationen<\/title>\n<meta name=\"description\" content=\"Von CFD bis zur dynamischen Analyse oder Prozesssimulation: Entdecken Sie, was unsere Ingenieurberufe zu Ihren Projekten oder Ihrer Industrie beitragen k\u00f6nnen.\" \/>\n<meta name=\"robots\" content=\"index, follow, max-snippet:-1, max-image-preview:large, max-video-preview:-1\" \/>\n<link rel=\"canonical\" href=\"https:\/\/daes.pro\/de\/berufe\/\" \/>\n<meta property=\"og:locale\" content=\"de_DE\" \/>\n<meta property=\"og:type\" content=\"article\" \/>\n<meta property=\"og:title\" content=\"Ingenieurberufe | verschiedene numerische Simulationen\" \/>\n<meta property=\"og:description\" content=\"Von CFD bis zur dynamischen Analyse oder Prozesssimulation: Entdecken Sie, was unsere Ingenieurberufe zu Ihren Projekten oder Ihrer Industrie beitragen k\u00f6nnen.\" \/>\n<meta property=\"og:url\" content=\"https:\/\/daes.pro\/de\/berufe\/\" \/>\n<meta property=\"og:site_name\" content=\"Development of Advanced Engineering Solutions\" \/>\n<meta property=\"article:modified_time\" content=\"2023-11-15T16:22:36+00:00\" \/>\n<meta name=\"twitter:card\" content=\"summary_large_image\" \/>\n<meta name=\"twitter:site\" content=\"@DAES_GENEVE\" \/>\n<meta name=\"twitter:label1\" content=\"Gesch\u00e4tzte Lesezeit\" \/>\n\t<meta name=\"twitter:data1\" content=\"1\u00a0Minute\" \/>\n<script type=\"application\/ld+json\" class=\"yoast-schema-graph\">{\"@context\":\"https:\/\/schema.org\",\"@graph\":[{\"@type\":\"WebPage\",\"@id\":\"https:\/\/daes.pro\/de\/berufe\/\",\"url\":\"https:\/\/daes.pro\/de\/berufe\/\",\"name\":\"Ingenieurberufe | verschiedene numerische Simulationen\",\"isPartOf\":{\"@id\":\"https:\/\/daes.pro\/de\/#website\"},\"datePublished\":\"2023-04-01T20:22:00+00:00\",\"dateModified\":\"2023-11-15T16:22:36+00:00\",\"description\":\"Von CFD bis zur dynamischen Analyse oder Prozesssimulation: Entdecken Sie, was unsere Ingenieurberufe zu Ihren Projekten oder Ihrer Industrie beitragen k\u00f6nnen.\",\"inLanguage\":\"de\",\"potentialAction\":[{\"@type\":\"ReadAction\",\"target\":[\"https:\/\/daes.pro\/de\/berufe\/\"]}]},{\"@type\":\"WebSite\",\"@id\":\"https:\/\/daes.pro\/de\/#website\",\"url\":\"https:\/\/daes.pro\/de\/\",\"name\":\"Development of Advanced Engineering Solutions\",\"description\":\"Des solutions pragmatiques pour vos d\u00e9fis d&#039;ing\u00e9nierie\",\"publisher\":{\"@id\":\"https:\/\/daes.pro\/de\/#organization\"},\"potentialAction\":[{\"@type\":\"SearchAction\",\"target\":{\"@type\":\"EntryPoint\",\"urlTemplate\":\"https:\/\/daes.pro\/de\/?s={search_term_string}\"},\"query-input\":{\"@type\":\"PropertyValueSpecification\",\"valueRequired\":true,\"valueName\":\"search_term_string\"}}],\"inLanguage\":\"de\"},{\"@type\":\"Organization\",\"@id\":\"https:\/\/daes.pro\/de\/#organization\",\"name\":\"DAES SA\",\"alternateName\":\"Development of Advanced Engineering Solutions\",\"url\":\"https:\/\/daes.pro\/de\/\",\"logo\":{\"@type\":\"ImageObject\",\"inLanguage\":\"de\",\"@id\":\"https:\/\/daes.pro\/de\/#\/schema\/logo\/image\/\",\"url\":\"https:\/\/daes.pro\/wp-content\/uploads\/2022\/09\/cropped-Logo-DAES.png\",\"contentUrl\":\"https:\/\/daes.pro\/wp-content\/uploads\/2022\/09\/cropped-Logo-DAES.png\",\"width\":512,\"height\":512,\"caption\":\"DAES SA\"},\"image\":{\"@id\":\"https:\/\/daes.pro\/de\/#\/schema\/logo\/image\/\"},\"sameAs\":[\"https:\/\/x.com\/DAES_GENEVE\",\"https:\/\/www.linkedin.com\/company\/daes-sa\/\",\"https:\/\/www.youtube.com\/channel\/UCbUYhhZYofJBJ8ibSBET8hA?pbjreload=101\"]}]}<\/script>\n<!-- \/ Yoast SEO plugin. -->","yoast_head_json":{"title":"Ingenieurberufe | verschiedene numerische Simulationen","description":"Von CFD bis zur dynamischen Analyse oder Prozesssimulation: Entdecken Sie, was unsere Ingenieurberufe zu Ihren Projekten oder Ihrer Industrie beitragen k\u00f6nnen.","robots":{"index":"index","follow":"follow","max-snippet":"max-snippet:-1","max-image-preview":"max-image-preview:large","max-video-preview":"max-video-preview:-1"},"canonical":"https:\/\/daes.pro\/de\/berufe\/","og_locale":"de_DE","og_type":"article","og_title":"Ingenieurberufe | verschiedene numerische Simulationen","og_description":"Von CFD bis zur dynamischen Analyse oder Prozesssimulation: Entdecken Sie, was unsere Ingenieurberufe zu Ihren Projekten oder Ihrer Industrie beitragen k\u00f6nnen.","og_url":"https:\/\/daes.pro\/de\/berufe\/","og_site_name":"Development of Advanced Engineering Solutions","article_modified_time":"2023-11-15T16:22:36+00:00","twitter_card":"summary_large_image","twitter_site":"@DAES_GENEVE","twitter_misc":{"Gesch\u00e4tzte Lesezeit":"1\u00a0Minute"},"schema":{"@context":"https:\/\/schema.org","@graph":[{"@type":"WebPage","@id":"https:\/\/daes.pro\/de\/berufe\/","url":"https:\/\/daes.pro\/de\/berufe\/","name":"Ingenieurberufe | verschiedene numerische Simulationen","isPartOf":{"@id":"https:\/\/daes.pro\/de\/#website"},"datePublished":"2023-04-01T20:22:00+00:00","dateModified":"2023-11-15T16:22:36+00:00","description":"Von CFD bis zur dynamischen Analyse oder Prozesssimulation: Entdecken Sie, was unsere Ingenieurberufe zu Ihren Projekten oder Ihrer Industrie beitragen k\u00f6nnen.","inLanguage":"de","potentialAction":[{"@type":"ReadAction","target":["https:\/\/daes.pro\/de\/berufe\/"]}]},{"@type":"WebSite","@id":"https:\/\/daes.pro\/de\/#website","url":"https:\/\/daes.pro\/de\/","name":"Development of Advanced Engineering Solutions","description":"Des solutions pragmatiques pour vos d\u00e9fis d&#039;ing\u00e9nierie","publisher":{"@id":"https:\/\/daes.pro\/de\/#organization"},"potentialAction":[{"@type":"SearchAction","target":{"@type":"EntryPoint","urlTemplate":"https:\/\/daes.pro\/de\/?s={search_term_string}"},"query-input":{"@type":"PropertyValueSpecification","valueRequired":true,"valueName":"search_term_string"}}],"inLanguage":"de"},{"@type":"Organization","@id":"https:\/\/daes.pro\/de\/#organization","name":"DAES SA","alternateName":"Development of Advanced Engineering Solutions","url":"https:\/\/daes.pro\/de\/","logo":{"@type":"ImageObject","inLanguage":"de","@id":"https:\/\/daes.pro\/de\/#\/schema\/logo\/image\/","url":"https:\/\/daes.pro\/wp-content\/uploads\/2022\/09\/cropped-Logo-DAES.png","contentUrl":"https:\/\/daes.pro\/wp-content\/uploads\/2022\/09\/cropped-Logo-DAES.png","width":512,"height":512,"caption":"DAES SA"},"image":{"@id":"https:\/\/daes.pro\/de\/#\/schema\/logo\/image\/"},"sameAs":["https:\/\/x.com\/DAES_GENEVE","https:\/\/www.linkedin.com\/company\/daes-sa\/","https:\/\/www.youtube.com\/channel\/UCbUYhhZYofJBJ8ibSBET8hA?pbjreload=101"]}]}},"_links":{"self":[{"href":"https:\/\/daes.pro\/de\/wp-json\/wp\/v2\/pages\/6530","targetHints":{"allow":["GET"]}}],"collection":[{"href":"https:\/\/daes.pro\/de\/wp-json\/wp\/v2\/pages"}],"about":[{"href":"https:\/\/daes.pro\/de\/wp-json\/wp\/v2\/types\/page"}],"author":[{"embeddable":true,"href":"https:\/\/daes.pro\/de\/wp-json\/wp\/v2\/users\/1"}],"replies":[{"embeddable":true,"href":"https:\/\/daes.pro\/de\/wp-json\/wp\/v2\/comments?post=6530"}],"version-history":[{"count":2,"href":"https:\/\/daes.pro\/de\/wp-json\/wp\/v2\/pages\/6530\/revisions"}],"predecessor-version":[{"id":6533,"href":"https:\/\/daes.pro\/de\/wp-json\/wp\/v2\/pages\/6530\/revisions\/6533"}],"wp:attachment":[{"href":"https:\/\/daes.pro\/de\/wp-json\/wp\/v2\/media?parent=6530"}],"curies":[{"name":"wp","href":"https:\/\/api.w.org\/{rel}","templated":true}]}}